{"id":91,"date":"2021-02-27T15:21:49","date_gmt":"2021-02-27T15:21:49","guid":{"rendered":"http:\/\/mygoalthemes.com\/demo\/medil\/?page_id=91"},"modified":"2025-02-10T08:43:49","modified_gmt":"2025-02-10T08:43:49","slug":"about","status":"publish","type":"page","link":"https:\/\/www.hanehaninsaat.com\/?page_id=91","title":{"rendered":"Kurumsal"},"content":{"rendered":"\t\t<div data-elementor-type=\"wp-page\" data-elementor-id=\"91\" class=\"elementor elementor-91\">\n\t\t\t\t<div class=\"elementor-element elementor-element-6db6ba0 e-flex e-con-boxed e-con e-parent\" data-id=\"6db6ba0\" data-element_type=\"container\">\n\t\t\t\t\t<div class=\"e-con-inner\">\n\t\t\t\t<div class=\"elementor-element elementor-element-ca374bd elementor-widget elementor-widget-heading\" data-id=\"ca374bd\" data-element_type=\"widget\" data-widget_type=\"heading.default\">\n\t\t\t\t<div class=\"elementor-widget-container\">\n\t\t\t\t\t<h2 class=\"elementor-heading-title elementor-size-default\">Yap\u0131lar\u0131n\u0131zda Kaliteye ve Zarafete Yer A\u00e7\u0131n<\/h2>\t\t\t\t<\/div>\n\t\t\t\t<\/div>\n\t\t\t\t\t<\/div>\n\t\t\t\t<\/div>\n\t\t<div class=\"elementor-element elementor-element-0cc800d e-flex e-con-boxed e-con e-parent\" data-id=\"0cc800d\" data-element_type=\"container\">\n\t\t\t\t\t<div class=\"e-con-inner\">\n\t\t\t\t<div class=\"elementor-element elementor-element-453be19 elementor-widget elementor-widget-text-editor\" data-id=\"453be19\" data-element_type=\"widget\" data-widget_type=\"text-editor.default\">\n\t\t\t\t<div class=\"elementor-widget-container\">\n\t\t\t\t\t\t\t\t\t<p>\u0130n\u015faat sekt\u00f6r\u00fcndeki ser\u00fcvenimiz, 2005 y\u0131l\u0131nda ta\u015feron olarak \u00e7e\u015fitli projelerde faaliyet g\u00f6stermemizle ba\u015flad\u0131. Bu s\u00fcre\u00e7te alan\u0131m\u0131za dair bilgi birikimimizi s\u00fcrekli art\u0131rarak, her b\u00fct\u00e7eye uygun kaliteli \u00fcr\u00fcn ve i\u015f\u00e7ilikle m\u00fc\u015fterilerimizin ya\u015fam alanlar\u0131na de\u011fer katmay\u0131 ba\u015fard\u0131k.<\/p><p>Edindi\u011fimiz deneyimler ve sekt\u00f6rdeki uzmanl\u0131\u011f\u0131m\u0131z\u0131 daha sistematik bir \u015fekilde s\u00fcrd\u00fcrmek amac\u0131yla, 2023 y\u0131l\u0131 itibar\u0131yla ise b\u00fcy\u00fcyerek 2 ortakl\u0131 bir yap\u0131ya ge\u00e7i\u015f yaparak <strong>Hanehan \u0130n\u015faat<\/strong> ad\u0131yla hizmet vermeye ba\u015flad\u0131k.<\/p><p>Firmam\u0131z, b\u00fcnyesinde yer alan deneyimli mimar, m\u00fchendis, tekniker ve ustalar\u0131m\u0131zla, m\u00fc\u015fterilerimizin ihtiya\u00e7 ve beklentilerine uygun; modern, estetik, k\u00fclt\u00fcrel ve ergonomik \u00e7\u00f6z\u00fcmler \u00fcretiyor. Amac\u0131m\u0131z, ya\u015fam alanlar\u0131na sadece fonksiyon de\u011fil, ayn\u0131 zamanda sanatsal bir dokunu\u015f da eklemek.<\/p><p><strong>Hanehan \u0130n\u015faat<\/strong> olarak, \u00fclkemizin d\u00f6rt bir yan\u0131nda beton yap\u0131lara estetik bir boyut kazand\u0131rmak, renkli ve ya\u015fanabilir alanlar yaratmak ve yapt\u0131\u011f\u0131m\u0131z i\u015fi bir sanat anlay\u0131\u015f\u0131yla ele almak temel ilkemizdir.<\/p>\t\t\t\t\t\t\t\t<\/div>\n\t\t\t\t<\/div>\n\t\t\t\t\t<\/div>\n\t\t\t\t<\/div>\n\t\t\t\t<section class=\"elementor-section elementor-top-section elementor-element elementor-element-3812f07 elementor-section-boxed elementor-section-height-default elementor-section-height-default\" data-id=\"3812f07\" data-element_type=\"section\">\n\t\t\t\t\t\t<div class=\"elementor-container elementor-column-gap-default\">\n\t\t\t\t\t<div class=\"elementor-column elementor-col-100 elementor-top-column elementor-element elementor-element-a62b614\" data-id=\"a62b614\" data-element_type=\"column\">\n\t\t\t<div class=\"elementor-widget-wrap elementor-element-populated\">\n\t\t\t\t\t\t<div class=\"elementor-element elementor-element-b503b05 elementor-widget elementor-widget-image\" data-id=\"b503b05\" data-element_type=\"widget\" data-widget_type=\"image.default\">\n\t\t\t\t<div class=\"elementor-widget-container\">\n\t\t\t\t\t\t\t\t\t\t\t\t\t\t\t<img fetchpriority=\"high\" decoding=\"async\" width=\"1300\" height=\"601\" src=\"https:\/\/www.hanehaninsaat.com\/wp-content\/uploads\/2024\/12\/arkas.png\" class=\"attachment-full size-full wp-image-11176\" alt=\"\" srcset=\"https:\/\/www.hanehaninsaat.com\/wp-content\/uploads\/2024\/12\/arkas.png 1300w, https:\/\/www.hanehaninsaat.com\/wp-content\/uploads\/2024\/12\/arkas-300x139.png 300w, https:\/\/www.hanehaninsaat.com\/wp-content\/uploads\/2024\/12\/arkas-1024x473.png 1024w, https:\/\/www.hanehaninsaat.com\/wp-content\/uploads\/2024\/12\/arkas-768x355.png 768w, https:\/\/www.hanehaninsaat.com\/wp-content\/uploads\/2024\/12\/arkas-600x277.png 600w\" sizes=\"(max-width: 1300px) 100vw, 1300px\" \/>\t\t\t\t\t\t\t\t\t\t\t\t\t\t\t<\/div>\n\t\t\t\t<\/div>\n\t\t\t\t\t<\/div>\n\t\t<\/div>\n\t\t\t\t\t<\/div>\n\t\t<\/section>\n\t\t\t\t<section class=\"elementor-section elementor-top-section elementor-element elementor-element-696b6e1 elementor-section-boxed elementor-section-height-default elementor-section-height-default\" data-id=\"696b6e1\" data-element_type=\"section\">\n\t\t\t\t\t\t<div class=\"elementor-container elementor-column-gap-default\">\n\t\t\t\t\t<div class=\"elementor-column elementor-col-100 elementor-top-column elementor-element elementor-element-fca68f3\" data-id=\"fca68f3\" data-element_type=\"column\">\n\t\t\t<div class=\"elementor-widget-wrap elementor-element-populated\">\n\t\t\t\t\t\t<section class=\"elementor-section elementor-inner-section elementor-element elementor-element-947c83d elementor-section-boxed elementor-section-height-default elementor-section-height-default\" data-id=\"947c83d\" data-element_type=\"section\">\n\t\t\t\t\t\t<div class=\"elementor-container elementor-column-gap-default\">\n\t\t\t\t\t<div class=\"elementor-column elementor-col-33 elementor-inner-column elementor-element elementor-element-ff9a70d\" data-id=\"ff9a70d\" data-element_type=\"column\">\n\t\t\t<div class=\"elementor-widget-wrap elementor-element-populated\">\n\t\t\t\t\t\t<div class=\"elementor-element elementor-element-d45e4a5 elementor-widget elementor-widget-heading\" data-id=\"d45e4a5\" data-element_type=\"widget\" data-widget_type=\"heading.default\">\n\t\t\t\t<div class=\"elementor-widget-container\">\n\t\t\t\t\t<h2 class=\"elementor-heading-title elementor-size-default\">Misyonumuz<\/h2>\t\t\t\t<\/div>\n\t\t\t\t<\/div>\n\t\t\t\t<div class=\"elementor-element elementor-element-c4a1566 elementor-widget elementor-widget-text-editor\" data-id=\"c4a1566\" data-element_type=\"widget\" data-widget_type=\"text-editor.default\">\n\t\t\t\t<div class=\"elementor-widget-container\">\n\t\t\t\t\t\t\t\t\t<p>Hanehan \u0130n\u015faat olarak misyonumuz, modern mimari anlay\u0131\u015f\u0131n\u0131 estetik, g\u00fcven ve fonksiyonellikle birle\u015ftirerek m\u00fc\u015fterilerimizin ihtiya\u00e7 ve beklentilerini en \u00fcst seviyede kar\u015f\u0131lamakt\u0131r. Her projede yenilik\u00e7i \u00e7\u00f6z\u00fcmler \u00fcreterek ya\u015fam alanlar\u0131n\u0131 daha de\u011ferli ve ya\u015fanabilir hale getirmek, \u00e7evre dostu uygulamalarla s\u00fcrd\u00fcr\u00fclebilir bir gelecek i\u00e7in katk\u0131 sa\u011flamakt\u0131r.<\/p>\t\t\t\t\t\t\t\t<\/div>\n\t\t\t\t<\/div>\n\t\t\t\t\t<\/div>\n\t\t<\/div>\n\t\t\t\t<div class=\"elementor-column elementor-col-33 elementor-inner-column elementor-element elementor-element-3571e02\" data-id=\"3571e02\" data-element_type=\"column\">\n\t\t\t<div class=\"elementor-widget-wrap\">\n\t\t\t\t\t\t\t<\/div>\n\t\t<\/div>\n\t\t\t\t<div class=\"elementor-column elementor-col-33 elementor-inner-column elementor-element elementor-element-86d8ab4\" data-id=\"86d8ab4\" data-element_type=\"column\">\n\t\t\t<div class=\"elementor-widget-wrap elementor-element-populated\">\n\t\t\t\t\t\t<div class=\"elementor-element elementor-element-52864c7 elementor-widget elementor-widget-heading\" data-id=\"52864c7\" data-element_type=\"widget\" data-widget_type=\"heading.default\">\n\t\t\t\t<div class=\"elementor-widget-container\">\n\t\t\t\t\t<h2 class=\"elementor-heading-title elementor-size-default\">Vizyonumuz<\/h2>\t\t\t\t<\/div>\n\t\t\t\t<\/div>\n\t\t\t\t<div class=\"elementor-element elementor-element-a2ff87f elementor-widget elementor-widget-text-editor\" data-id=\"a2ff87f\" data-element_type=\"widget\" data-widget_type=\"text-editor.default\">\n\t\t\t\t<div class=\"elementor-widget-container\">\n\t\t\t\t\t\t\t\t\t<p>Sekt\u00f6rdeki lider firmalar aras\u0131nda yer alarak, estetik ve kaliteli yap\u0131 anlay\u0131\u015f\u0131n\u0131 \u00fclke genelinde yayg\u0131nla\u015ft\u0131rmak ve uluslararas\u0131 arenada tan\u0131nan bir marka haline gelmek. Hanehan \u0130n\u015faat, yap\u0131 sekt\u00f6r\u00fcnde sanat\u0131, g\u00fcveni ve teknolojiyi bir araya getirerek ya\u015fam alanlar\u0131nda fark yaratan projelere imza atmay\u0131 hedefler.<\/p>\t\t\t\t\t\t\t\t<\/div>\n\t\t\t\t<\/div>\n\t\t\t\t\t<\/div>\n\t\t<\/div>\n\t\t\t\t\t<\/div>\n\t\t<\/section>\n\t\t\t\t\t<\/div>\n\t\t<\/div>\n\t\t\t\t\t<\/div>\n\t\t<\/section>\n\t\t\t\t<section class=\"elementor-section elementor-top-section elementor-element elementor-element-745fb5b elementor-section-stretched elementor-section-boxed elementor-section-height-default elementor-section-height-default\" data-id=\"745fb5b\" data-element_type=\"section\" data-settings=\"{&quot;stretch_section&quot;:&quot;section-stretched&quot;,&quot;background_background&quot;:&quot;classic&quot;}\">\n\t\t\t\t\t\t<div class=\"elementor-container elementor-column-gap-default\">\n\t\t\t\t\t<div class=\"elementor-column elementor-col-100 elementor-top-column elementor-element elementor-element-086af37\" data-id=\"086af37\" data-element_type=\"column\">\n\t\t\t<div class=\"elementor-widget-wrap elementor-element-populated\">\n\t\t\t\t\t\t<section class=\"elementor-section elementor-inner-section elementor-element elementor-element-b652eb9 elementor-section-boxed elementor-section-height-default elementor-section-height-default\" data-id=\"b652eb9\" data-element_type=\"section\">\n\t\t\t\t\t\t<div class=\"elementor-container elementor-column-gap-default\">\n\t\t\t\t\t<div class=\"elementor-column elementor-col-100 elementor-inner-column elementor-element elementor-element-858c287\" data-id=\"858c287\" data-element_type=\"column\">\n\t\t\t<div class=\"elementor-widget-wrap elementor-element-populated\">\n\t\t\t\t\t\t<div class=\"elementor-element elementor-element-ad185f5 elementor-widget elementor-widget-heading\" data-id=\"ad185f5\" data-element_type=\"widget\" data-widget_type=\"heading.default\">\n\t\t\t\t<div class=\"elementor-widget-container\">\n\t\t\t\t\t<h2 class=\"elementor-heading-title elementor-size-default\">Kalite Politikam\u0131z<\/h2>\t\t\t\t<\/div>\n\t\t\t\t<\/div>\n\t\t\t\t<div class=\"elementor-element elementor-element-d362f4c elementor-widget elementor-widget-text-editor\" data-id=\"d362f4c\" data-element_type=\"widget\" data-widget_type=\"text-editor.default\">\n\t\t\t\t<div class=\"elementor-widget-container\">\n\t\t\t\t\t\t\t\t\t<ul><li><strong>M\u00fc\u015fteri Memnuniyeti<\/strong><\/li><\/ul><p>T\u00fcm projelerimizde m\u00fc\u015fteri ihtiya\u00e7lar\u0131n\u0131 \u00f6n planda tutarak, beklentileri a\u015fan \u00e7\u00f6z\u00fcmler sunmay\u0131 taahh\u00fct ederiz.<\/p><ul><li><strong>Kaliteli Malzeme ve \u0130\u015f\u00e7ilik<\/strong><\/li><\/ul><p>En iyi malzeme ve uzman ekiplerle, dayan\u0131kl\u0131 ve estetik yap\u0131lar olu\u015fturmay\u0131 ilke ediniriz.<\/p><ul><li><strong>S\u00fcrekli Geli\u015fim<\/strong><\/li><\/ul><p>Teknolojik yenilikleri ve sekt\u00f6rel geli\u015fmeleri yak\u0131ndan takip ederek, s\u00fcre\u00e7lerimizi s\u00fcrekli iyile\u015ftiririz.<\/p><ul><li><strong>\u00c7evre Duyarl\u0131l\u0131\u011f\u0131<\/strong><\/li><\/ul><p>Do\u011faya ve \u00e7evreye sayg\u0131l\u0131 projeler geli\u015ftirerek s\u00fcrd\u00fcr\u00fclebilir bir yap\u0131 anlay\u0131\u015f\u0131n\u0131 benimseriz.<\/p><ul><li><strong>Zaman\u0131nda Teslim<\/strong><\/li><\/ul><p>\u0130\u015flerimizi s\u00f6z verdi\u011fimiz s\u00fcrede tamamlayarak, g\u00fcvenilir ve profesyonel bir hizmet sunar\u0131z.<\/p><p><b>Hanehan \u0130n\u015faat olarak, in\u015faat sekt\u00f6r\u00fcnde etik de\u011ferleri koruyan, m\u00fc\u015fteri odakl\u0131 ve yenilik\u00e7i bir anlay\u0131\u015fla her zaman en iyisini sunmay\u0131 ama\u00e7l\u0131yoruz.<\/b><\/p>\t\t\t\t\t\t\t\t<\/div>\n\t\t\t\t<\/div>\n\t\t\t\t\t<\/div>\n\t\t<\/div>\n\t\t\t\t\t<\/div>\n\t\t<\/section>\n\t\t\t\t\t<\/div>\n\t\t<\/div>\n\t\t\t\t\t<\/div>\n\t\t<\/section>\n\t\t\t\t<section class=\"elementor-section elementor-top-section elementor-element elementor-element-28e950c elementor-section-boxed elementor-section-height-default elementor-section-height-default\" data-id=\"28e950c\" data-element_type=\"section\" data-settings=\"{&quot;background_background&quot;:&quot;classic&quot;}\">\n\t\t\t\t\t\t<div class=\"elementor-container elementor-column-gap-default\">\n\t\t\t\t\t<div class=\"elementor-column elementor-col-100 elementor-top-column elementor-element elementor-element-bde7f07\" data-id=\"bde7f07\" data-element_type=\"column\" data-settings=\"{&quot;background_background&quot;:&quot;classic&quot;}\">\n\t\t\t<div class=\"elementor-widget-wrap elementor-element-populated\">\n\t\t\t\t\t\t<div class=\"elementor-element elementor-element-0f6c9ae elementor-widget elementor-widget-sofass_brands\" data-id=\"0f6c9ae\" data-element_type=\"widget\" data-widget_type=\"sofass_brands.default\">\n\t\t\t\t<div class=\"elementor-widget-container\">\n\t\t\t\t\t            <div class=\"widget-brand  carousel style-2\">\n                                    <div class=\"slick-carousel\" data-items=\"5\"  data-medium=\"3\" data-smallmedium=\"2\" data-extrasmall=\"2\" data-smallest=\"2\" data-pagination=\"false\" data-nav=\"true\" data-rows=\"1\" data-infinite=\"true\" data-autoplay=\"false\"  data-swipe=\"true\">\n                                                      \n                                    <div class=\"brand-item\">\n                                                                                    <img decoding=\"async\" src=\"https:\/\/www.hanehaninsaat.com\/wp-content\/uploads\/2024\/12\/asya-logo.png\" alt=\"\">\n                                                                            <\/div>\n                                                                                  \n                                    <div class=\"brand-item\">\n                                                                                    <img decoding=\"async\" src=\"https:\/\/www.hanehaninsaat.com\/wp-content\/uploads\/2024\/12\/tekinler-turizm-logo.png\" alt=\"\">\n                                                                            <\/div>\n                                                                                  \n                                    <div class=\"brand-item\">\n                                                                                    <img decoding=\"async\" src=\"https:\/\/www.hanehaninsaat.com\/wp-content\/uploads\/2024\/12\/zarif-gold.png\" alt=\"\">\n                                                                            <\/div>\n                                                                                  \n                                    <div class=\"brand-item\">\n                                                                                    <img decoding=\"async\" src=\"https:\/\/www.hanehaninsaat.com\/wp-content\/uploads\/2024\/12\/semivan-karavan.png\" alt=\"\">\n                                                                            <\/div>\n                                                                                  \n                                    <div class=\"brand-item\">\n                                                                                    <img decoding=\"async\" src=\"https:\/\/www.hanehaninsaat.com\/wp-content\/uploads\/2024\/12\/tirkon-logo.png\" alt=\"\">\n                                                                            <\/div>\n                                                                                  \n                                    <div class=\"brand-item\">\n                                                                                    <img decoding=\"async\" src=\"https:\/\/www.hanehaninsaat.com\/wp-content\/uploads\/2024\/12\/NarGross.png\" alt=\"\">\n                                                                            <\/div>\n                                                                                  \n                                    <div class=\"brand-item\">\n                                                                                    <img decoding=\"async\" src=\"https:\/\/www.hanehaninsaat.com\/wp-content\/uploads\/2024\/12\/avrasya-metal-panel.png\" alt=\"\">\n                                                                            <\/div>\n                                                                                  \n                                    <div class=\"brand-item\">\n                                                                                    <img decoding=\"async\" src=\"https:\/\/www.hanehaninsaat.com\/wp-content\/uploads\/2024\/12\/ayd-logo.png\" alt=\"\">\n                                                                            <\/div>\n                                                                                  \n                                    <div class=\"brand-item\">\n                                                                                    <img decoding=\"async\" src=\"https:\/\/www.hanehaninsaat.com\/wp-content\/uploads\/2024\/12\/alaz-proje.png\" alt=\"\">\n                                                                            <\/div>\n                                                                                  \n                                    <div class=\"brand-item\">\n                                                                                    <img decoding=\"async\" src=\"https:\/\/www.hanehaninsaat.com\/wp-content\/uploads\/2024\/12\/sennur-yapi.png\" alt=\"\">\n                                                                            <\/div>\n                                                                                  \n                                    <div class=\"brand-item\">\n                                                                                    <img decoding=\"async\" src=\"https:\/\/www.hanehaninsaat.com\/wp-content\/uploads\/2024\/12\/omse-yapi.png\" alt=\"\">\n                                                                            <\/div>\n                                                                                  \n                                    <div class=\"brand-item\">\n                                                                                    <img decoding=\"async\" src=\"https:\/\/www.hanehaninsaat.com\/wp-content\/uploads\/2025\/02\/liva-parkeleri.jpg\" alt=\"\">\n                                                                            <\/div>\n                                                                                  \n                                    <div class=\"brand-item\">\n                                                                                    <img decoding=\"async\" src=\"https:\/\/www.hanehaninsaat.com\/wp-content\/uploads\/2025\/02\/areca.jpg\" alt=\"\">\n                                                                            <\/div>\n                                                                                  \n                                    <div class=\"brand-item\">\n                                                                                    <img decoding=\"async\" src=\"https:\/\/www.hanehaninsaat.com\/wp-content\/uploads\/2025\/02\/konya-parke.jpg\" alt=\"\">\n                                                                            <\/div>\n                                                                                                                                      \n                                    <div class=\"brand-item\">\n                                                                                    <img decoding=\"async\" src=\"https:\/\/www.hanehaninsaat.com\/wp-content\/uploads\/2025\/02\/sanayi-market.jpg\" alt=\"\">\n                                                                            <\/div>\n                                                                                  \n                                    <div class=\"brand-item\">\n                                                                                    <img decoding=\"async\" src=\"https:\/\/www.hanehaninsaat.com\/wp-content\/uploads\/2025\/02\/newsa.jpg\" alt=\"\">\n                                                                            <\/div>\n                                                                                  \n                                    <div class=\"brand-item\">\n                                                                                    <img decoding=\"async\" src=\"https:\/\/www.hanehaninsaat.com\/wp-content\/uploads\/2025\/02\/ugursoy-tasimacilik.jpg\" alt=\"\">\n                                                                            <\/div>\n                                                                                  \n                                    <div class=\"brand-item\">\n                                                                                    <img decoding=\"async\" src=\"https:\/\/www.hanehaninsaat.com\/wp-content\/uploads\/2025\/02\/sumeyye-kucuktoka.jpg\" alt=\"\">\n                                                                            <\/div>\n                                                                                  \n                                    <div class=\"brand-item\">\n                                                                                    <img decoding=\"async\" src=\"https:\/\/www.hanehaninsaat.com\/wp-content\/uploads\/2025\/02\/konya-bilim-merkezi.jpg\" alt=\"\">\n                                                                            <\/div>\n                                                                                  \n                                    <div class=\"brand-item\">\n                                                                                    <img decoding=\"async\" src=\"https:\/\/www.hanehaninsaat.com\/wp-content\/uploads\/2025\/02\/uzumcu-insaat.jpg\" alt=\"\">\n                                                                            <\/div>\n                                                                                  \n                                    <div class=\"brand-item\">\n                                                                                    <img decoding=\"async\" src=\"https:\/\/www.hanehaninsaat.com\/wp-content\/uploads\/2025\/02\/eka.jpg\" alt=\"\">\n                                                                            <\/div>\n                                                                                  \n                                    <div class=\"brand-item\">\n                                                                                    <img decoding=\"async\" src=\"https:\/\/www.hanehaninsaat.com\/wp-content\/uploads\/2025\/02\/dum.jpg\" alt=\"\">\n                                                                            <\/div>\n                                                                                  \n                                    <div class=\"brand-item\">\n                                                                                    <img decoding=\"async\" src=\"https:\/\/www.hanehaninsaat.com\/wp-content\/uploads\/2025\/02\/atolye-kent-mimarlik.jpg\" alt=\"\">\n                                                                            <\/div>\n                                                                                  \n                                    <div class=\"brand-item\">\n                                                                                    <img decoding=\"async\" src=\"https:\/\/www.hanehaninsaat.com\/wp-content\/uploads\/2025\/02\/almila-muhendislik.jpg\" alt=\"\">\n                                                                            <\/div>\n                                                                        <\/div>\n                            <\/div>\n            \t\t\t\t<\/div>\n\t\t\t\t<\/div>\n\t\t\t\t\t<\/div>\n\t\t<\/div>\n\t\t\t\t\t<\/div>\n\t\t<\/section>\n\t\t\t\t<\/div>\n\t\t","protected":false},"excerpt":{"rendered":"<p>Yap\u0131lar\u0131n\u0131zda Kaliteye ve Zarafete Yer A\u00e7\u0131n \u0130n\u015faat sekt\u00f6r\u00fcndeki ser\u00fcvenimiz, 2005 y\u0131l\u0131nda ta\u015feron olarak \u00e7e\u015fitli projelerde faaliyet g\u00f6stermemizle ba\u015flad\u0131. Bu s\u00fcre\u00e7te alan\u0131m\u0131za dair bilgi birikimimizi s\u00fcrekli art\u0131rarak, her b\u00fct\u00e7eye uygun kaliteli \u00fcr\u00fcn ve i\u015f\u00e7ilikle m\u00fc\u015fterilerimizin ya\u015fam alanlar\u0131na de\u011fer katmay\u0131 ba\u015fard\u0131k. Edindi\u011fimiz deneyimler ve sekt\u00f6rdeki uzmanl\u0131\u011f\u0131m\u0131z\u0131 daha sistematik bir \u015fekilde s\u00fcrd\u00fcrmek amac\u0131yla, 2023 y\u0131l\u0131 itibar\u0131yla ise b\u00fcy\u00fcyerek &hellip; <br \/><a href=\"https:\/\/www.hanehaninsaat.com\/?page_id=91\" class=\"more-link\">Continue reading <span class=\"screen-reader-text\">Kurumsal<\/span><\/a><\/p>\n","protected":false},"author":1,"featured_media":0,"parent":0,"menu_order":0,"comment_status":"closed","ping_status":"closed","template":"","meta":{"om_disable_all_campaigns":false,"_monsterinsights_skip_tracking":false,"_monsterinsights_sitenote_active":false,"_monsterinsights_sitenote_note":"","_monsterinsights_sitenote_category":0,"footnotes":""},"class_list":["post-91","page","type-page","status-publish","hentry"],"aioseo_notices":[],"_links":{"self":[{"href":"https:\/\/www.hanehaninsaat.com\/index.php?rest_route=\/wp\/v2\/pages\/91","targetHints":{"allow":["GET"]}}],"collection":[{"href":"https:\/\/www.hanehaninsaat.com\/index.php?rest_route=\/wp\/v2\/pages"}],"about":[{"href":"https:\/\/www.hanehaninsaat.com\/index.php?rest_route=\/wp\/v2\/types\/page"}],"author":[{"embeddable":true,"href":"https:\/\/www.hanehaninsaat.com\/index.php?rest_route=\/wp\/v2\/users\/1"}],"replies":[{"embeddable":true,"href":"https:\/\/www.hanehaninsaat.com\/index.php?rest_route=%2Fwp%2Fv2%2Fcomments&post=91"}],"version-history":[{"count":26,"href":"https:\/\/www.hanehaninsaat.com\/index.php?rest_route=\/wp\/v2\/pages\/91\/revisions"}],"predecessor-version":[{"id":12279,"href":"https:\/\/www.hanehaninsaat.com\/index.php?rest_route=\/wp\/v2\/pages\/91\/revisions\/12279"}],"wp:attachment":[{"href":"https:\/\/www.hanehaninsaat.com\/index.php?rest_route=%2Fwp%2Fv2%2Fmedia&parent=91"}],"curies":[{"name":"wp","href":"https:\/\/api.w.org\/{rel}","templated":true}]}}