{"id":11479,"date":"2024-12-30T20:38:37","date_gmt":"2024-12-30T20:38:37","guid":{"rendered":"http:\/\/www.hanehaninsaat.com\/?page_id=11479"},"modified":"2025-02-10T08:18:41","modified_gmt":"2025-02-10T08:18:41","slug":"hizmetlerimiz","status":"publish","type":"page","link":"https:\/\/www.hanehaninsaat.com\/?page_id=11479","title":{"rendered":"Hizmetlerimiz"},"content":{"rendered":"\t\t<div data-elementor-type=\"wp-page\" data-elementor-id=\"11479\" class=\"elementor elementor-11479\">\n\t\t\t\t<div class=\"elementor-element elementor-element-846ee98 e-flex e-con-boxed e-con e-parent\" data-id=\"846ee98\" data-element_type=\"container\">\n\t\t\t\t\t<div class=\"e-con-inner\">\n\t\t<div class=\"elementor-element elementor-element-c3221b6 e-con-full e-flex e-con e-child\" data-id=\"c3221b6\" data-element_type=\"container\">\n\t\t\t\t<div class=\"elementor-element elementor-element-e34b164 elementor-widget elementor-widget-image\" data-id=\"e34b164\" data-element_type=\"widget\" data-widget_type=\"image.default\">\n\t\t\t\t<div class=\"elementor-widget-container\">\n\t\t\t\t\t\t\t\t\t\t\t\t\t\t\t\t<a href=\"http:\/\/www.hanehaninsaat.com\/?page_id=11649\u2197\">\n\t\t\t\t\t\t\t<img fetchpriority=\"high\" decoding=\"async\" width=\"660\" height=\"441\" src=\"https:\/\/www.hanehaninsaat.com\/wp-content\/uploads\/2025\/02\/proje.jpg\" class=\"attachment-large size-large wp-image-12134\" alt=\"\" srcset=\"https:\/\/www.hanehaninsaat.com\/wp-content\/uploads\/2025\/02\/proje.jpg 930w, https:\/\/www.hanehaninsaat.com\/wp-content\/uploads\/2025\/02\/proje-300x201.jpg 300w, https:\/\/www.hanehaninsaat.com\/wp-content\/uploads\/2025\/02\/proje-768x514.jpg 768w, https:\/\/www.hanehaninsaat.com\/wp-content\/uploads\/2025\/02\/proje-600x401.jpg 600w\" sizes=\"(max-width: 660px) 100vw, 660px\" \/>\t\t\t\t\t\t\t\t<\/a>\n\t\t\t\t\t\t\t\t\t\t\t\t\t\t\t<\/div>\n\t\t\t\t<\/div>\n\t\t\t\t<div class=\"elementor-element elementor-element-778af25 elementor-widget elementor-widget-heading\" data-id=\"778af25\" data-element_type=\"widget\" data-widget_type=\"heading.default\">\n\t\t\t\t<div class=\"elementor-widget-container\">\n\t\t\t\t\t<h2 class=\"elementor-heading-title elementor-size-default\"><a href=\"http:\/\/www.hanehaninsaat.com\/?page_id=11649\u2197\">Proje Hizmetleri\n<\/a><\/h2>\t\t\t\t<\/div>\n\t\t\t\t<\/div>\n\t\t\t\t<\/div>\n\t\t<div class=\"elementor-element elementor-element-1aa506b e-con-full e-flex e-con e-child\" data-id=\"1aa506b\" data-element_type=\"container\">\n\t\t\t\t<div class=\"elementor-element elementor-element-18651d2 elementor-widget elementor-widget-image\" data-id=\"18651d2\" data-element_type=\"widget\" data-widget_type=\"image.default\">\n\t\t\t\t<div class=\"elementor-widget-container\">\n\t\t\t\t\t\t\t\t\t\t\t\t\t\t\t\t<a href=\"http:\/\/www.hanehaninsaat.com\/?page_id=11674\u2197\">\n\t\t\t\t\t\t\t<img decoding=\"async\" width=\"660\" height=\"441\" src=\"https:\/\/www.hanehaninsaat.com\/wp-content\/uploads\/2025\/02\/danismanlik.jpg\" class=\"attachment-large size-large wp-image-12130\" alt=\"\" srcset=\"https:\/\/www.hanehaninsaat.com\/wp-content\/uploads\/2025\/02\/danismanlik.jpg 930w, https:\/\/www.hanehaninsaat.com\/wp-content\/uploads\/2025\/02\/danismanlik-300x201.jpg 300w, https:\/\/www.hanehaninsaat.com\/wp-content\/uploads\/2025\/02\/danismanlik-768x514.jpg 768w, https:\/\/www.hanehaninsaat.com\/wp-content\/uploads\/2025\/02\/danismanlik-600x401.jpg 600w\" sizes=\"(max-width: 660px) 100vw, 660px\" \/>\t\t\t\t\t\t\t\t<\/a>\n\t\t\t\t\t\t\t\t\t\t\t\t\t\t\t<\/div>\n\t\t\t\t<\/div>\n\t\t\t\t<div class=\"elementor-element elementor-element-96093e7 elementor-widget elementor-widget-heading\" data-id=\"96093e7\" data-element_type=\"widget\" data-widget_type=\"heading.default\">\n\t\t\t\t<div class=\"elementor-widget-container\">\n\t\t\t\t\t<h2 class=\"elementor-heading-title elementor-size-default\"><a href=\"http:\/\/www.hanehaninsaat.com\/?page_id=11674\u2197\">Dan\u0131\u015fmanl\u0131k Hizmeti<\/a><\/h2>\t\t\t\t<\/div>\n\t\t\t\t<\/div>\n\t\t\t\t<\/div>\n\t\t<div class=\"elementor-element elementor-element-c427f03 e-con-full e-flex e-con e-child\" data-id=\"c427f03\" data-element_type=\"container\">\n\t\t\t\t<div class=\"elementor-element elementor-element-14b5e7b elementor-widget elementor-widget-image\" data-id=\"14b5e7b\" data-element_type=\"widget\" data-widget_type=\"image.default\">\n\t\t\t\t<div class=\"elementor-widget-container\">\n\t\t\t\t\t\t\t\t\t\t\t\t\t\t\t\t<a href=\"http:\/\/www.hanehaninsaat.com\/?page_id=11677\">\n\t\t\t\t\t\t\t<img decoding=\"async\" width=\"660\" height=\"441\" src=\"https:\/\/www.hanehaninsaat.com\/wp-content\/uploads\/2025\/02\/konut-yapi.jpg\" class=\"attachment-large size-large wp-image-12126\" alt=\"\" srcset=\"https:\/\/www.hanehaninsaat.com\/wp-content\/uploads\/2025\/02\/konut-yapi.jpg 930w, https:\/\/www.hanehaninsaat.com\/wp-content\/uploads\/2025\/02\/konut-yapi-300x201.jpg 300w, https:\/\/www.hanehaninsaat.com\/wp-content\/uploads\/2025\/02\/konut-yapi-768x514.jpg 768w, https:\/\/www.hanehaninsaat.com\/wp-content\/uploads\/2025\/02\/konut-yapi-600x401.jpg 600w\" sizes=\"(max-width: 660px) 100vw, 660px\" \/>\t\t\t\t\t\t\t\t<\/a>\n\t\t\t\t\t\t\t\t\t\t\t\t\t\t\t<\/div>\n\t\t\t\t<\/div>\n\t\t\t\t<div class=\"elementor-element elementor-element-5f8733b elementor-widget elementor-widget-heading\" data-id=\"5f8733b\" data-element_type=\"widget\" data-widget_type=\"heading.default\">\n\t\t\t\t<div class=\"elementor-widget-container\">\n\t\t\t\t\t<h2 class=\"elementor-heading-title elementor-size-default\">Konut Yap\u0131 \u0130n\u015faat\u0131<\/h2>\t\t\t\t<\/div>\n\t\t\t\t<\/div>\n\t\t\t\t<\/div>\n\t\t<div class=\"elementor-element elementor-element-4aa88d2 e-con-full e-flex e-con e-child\" data-id=\"4aa88d2\" data-element_type=\"container\">\n\t\t\t\t<div class=\"elementor-element elementor-element-fbfb659 elementor-widget elementor-widget-image\" data-id=\"fbfb659\" data-element_type=\"widget\" data-widget_type=\"image.default\">\n\t\t\t\t<div class=\"elementor-widget-container\">\n\t\t\t\t\t\t\t\t\t\t\t\t\t\t\t\t<a href=\"http:\/\/www.hanehaninsaat.com\/?page_id=11682\">\n\t\t\t\t\t\t\t<img loading=\"lazy\" decoding=\"async\" width=\"660\" height=\"441\" src=\"https:\/\/www.hanehaninsaat.com\/wp-content\/uploads\/2025\/02\/fabrika.jpg\" class=\"attachment-large size-large wp-image-12121\" alt=\"\" srcset=\"https:\/\/www.hanehaninsaat.com\/wp-content\/uploads\/2025\/02\/fabrika.jpg 930w, https:\/\/www.hanehaninsaat.com\/wp-content\/uploads\/2025\/02\/fabrika-300x201.jpg 300w, https:\/\/www.hanehaninsaat.com\/wp-content\/uploads\/2025\/02\/fabrika-768x514.jpg 768w, https:\/\/www.hanehaninsaat.com\/wp-content\/uploads\/2025\/02\/fabrika-600x401.jpg 600w\" sizes=\"(max-width: 660px) 100vw, 660px\" \/>\t\t\t\t\t\t\t\t<\/a>\n\t\t\t\t\t\t\t\t\t\t\t\t\t\t\t<\/div>\n\t\t\t\t<\/div>\n\t\t\t\t<div class=\"elementor-element elementor-element-372f464 elementor-widget elementor-widget-heading\" data-id=\"372f464\" data-element_type=\"widget\" data-widget_type=\"heading.default\">\n\t\t\t\t<div class=\"elementor-widget-container\">\n\t\t\t\t\t<h2 class=\"elementor-heading-title elementor-size-default\">Fabrika Yap\u0131 \u0130n\u015faat\u0131<\/h2>\t\t\t\t<\/div>\n\t\t\t\t<\/div>\n\t\t\t\t<\/div>\n\t\t<div class=\"elementor-element elementor-element-457c6f9 e-con-full e-flex e-con e-child\" data-id=\"457c6f9\" data-element_type=\"container\">\n\t\t\t\t<div class=\"elementor-element elementor-element-7be70bb elementor-widget elementor-widget-image\" data-id=\"7be70bb\" data-element_type=\"widget\" data-widget_type=\"image.default\">\n\t\t\t\t<div class=\"elementor-widget-container\">\n\t\t\t\t\t\t\t\t\t\t\t\t\t\t\t\t<a href=\"http:\/\/www.hanehaninsaat.com\/?page_id=11684\">\n\t\t\t\t\t\t\t<img loading=\"lazy\" decoding=\"async\" width=\"660\" height=\"441\" src=\"https:\/\/www.hanehaninsaat.com\/wp-content\/uploads\/2025\/02\/taseronluk.jpg\" class=\"attachment-large size-large wp-image-12114\" alt=\"\" srcset=\"https:\/\/www.hanehaninsaat.com\/wp-content\/uploads\/2025\/02\/taseronluk.jpg 930w, https:\/\/www.hanehaninsaat.com\/wp-content\/uploads\/2025\/02\/taseronluk-300x201.jpg 300w, https:\/\/www.hanehaninsaat.com\/wp-content\/uploads\/2025\/02\/taseronluk-768x514.jpg 768w, https:\/\/www.hanehaninsaat.com\/wp-content\/uploads\/2025\/02\/taseronluk-600x401.jpg 600w\" sizes=\"(max-width: 660px) 100vw, 660px\" \/>\t\t\t\t\t\t\t\t<\/a>\n\t\t\t\t\t\t\t\t\t\t\t\t\t\t\t<\/div>\n\t\t\t\t<\/div>\n\t\t\t\t<div class=\"elementor-element elementor-element-95a3c59 elementor-widget elementor-widget-heading\" data-id=\"95a3c59\" data-element_type=\"widget\" data-widget_type=\"heading.default\">\n\t\t\t\t<div class=\"elementor-widget-container\">\n\t\t\t\t\t<h2 class=\"elementor-heading-title elementor-size-default\">Ta\u015feronluk Hizmetleri<\/h2>\t\t\t\t<\/div>\n\t\t\t\t<\/div>\n\t\t\t\t<\/div>\n\t\t<div class=\"elementor-element elementor-element-43a1f89 e-con-full e-flex e-con e-child\" data-id=\"43a1f89\" data-element_type=\"container\">\n\t\t\t\t<div class=\"elementor-element elementor-element-8d94458 elementor-widget elementor-widget-image\" data-id=\"8d94458\" data-element_type=\"widget\" data-widget_type=\"image.default\">\n\t\t\t\t<div class=\"elementor-widget-container\">\n\t\t\t\t\t\t\t\t\t\t\t\t\t\t\t\t<a href=\"http:\/\/www.hanehaninsaat.com\/?page_id=11687\">\n\t\t\t\t\t\t\t<img loading=\"lazy\" decoding=\"async\" width=\"660\" height=\"441\" src=\"https:\/\/www.hanehaninsaat.com\/wp-content\/uploads\/2025\/02\/elektrik.jpg\" class=\"attachment-large size-large wp-image-12110\" alt=\"\" srcset=\"https:\/\/www.hanehaninsaat.com\/wp-content\/uploads\/2025\/02\/elektrik.jpg 930w, https:\/\/www.hanehaninsaat.com\/wp-content\/uploads\/2025\/02\/elektrik-300x201.jpg 300w, https:\/\/www.hanehaninsaat.com\/wp-content\/uploads\/2025\/02\/elektrik-768x514.jpg 768w, https:\/\/www.hanehaninsaat.com\/wp-content\/uploads\/2025\/02\/elektrik-600x401.jpg 600w\" sizes=\"(max-width: 660px) 100vw, 660px\" \/>\t\t\t\t\t\t\t\t<\/a>\n\t\t\t\t\t\t\t\t\t\t\t\t\t\t\t<\/div>\n\t\t\t\t<\/div>\n\t\t\t\t<div class=\"elementor-element elementor-element-561e09a elementor-widget elementor-widget-heading\" data-id=\"561e09a\" data-element_type=\"widget\" data-widget_type=\"heading.default\">\n\t\t\t\t<div class=\"elementor-widget-container\">\n\t\t\t\t\t<h2 class=\"elementor-heading-title elementor-size-default\">Elektrik &amp; Mekanik Proje Hizmetleri<\/h2>\t\t\t\t<\/div>\n\t\t\t\t<\/div>\n\t\t\t\t<\/div>\n\t\t\t\t\t<\/div>\n\t\t\t\t<\/div>\n\t\t<div class=\"elementor-element elementor-element-37c9374 e-flex e-con-boxed e-con e-parent\" data-id=\"37c9374\" data-element_type=\"container\">\n\t\t\t\t\t<div class=\"e-con-inner\">\n\t\t<div class=\"elementor-element elementor-element-c6eff50 e-con-full e-flex e-con e-child\" data-id=\"c6eff50\" data-element_type=\"container\">\n\t\t\t\t<div class=\"elementor-element elementor-element-4033c52 elementor-widget elementor-widget-image\" data-id=\"4033c52\" data-element_type=\"widget\" data-widget_type=\"image.default\">\n\t\t\t\t<div class=\"elementor-widget-container\">\n\t\t\t\t\t\t\t\t\t\t\t\t\t\t\t\t<a href=\"http:\/\/www.hanehaninsaat.com\/?page_id=11689\">\n\t\t\t\t\t\t\t<img loading=\"lazy\" decoding=\"async\" width=\"660\" height=\"441\" src=\"https:\/\/www.hanehaninsaat.com\/wp-content\/uploads\/2024\/12\/peyzaj.jpg\" class=\"attachment-large size-large wp-image-11538\" alt=\"\" srcset=\"https:\/\/www.hanehaninsaat.com\/wp-content\/uploads\/2024\/12\/peyzaj.jpg 930w, https:\/\/www.hanehaninsaat.com\/wp-content\/uploads\/2024\/12\/peyzaj-300x201.jpg 300w, https:\/\/www.hanehaninsaat.com\/wp-content\/uploads\/2024\/12\/peyzaj-768x514.jpg 768w, https:\/\/www.hanehaninsaat.com\/wp-content\/uploads\/2024\/12\/peyzaj-600x401.jpg 600w\" sizes=\"(max-width: 660px) 100vw, 660px\" \/>\t\t\t\t\t\t\t\t<\/a>\n\t\t\t\t\t\t\t\t\t\t\t\t\t\t\t<\/div>\n\t\t\t\t<\/div>\n\t\t\t\t<div class=\"elementor-element elementor-element-3acbb10 elementor-widget elementor-widget-heading\" data-id=\"3acbb10\" data-element_type=\"widget\" data-widget_type=\"heading.default\">\n\t\t\t\t<div class=\"elementor-widget-container\">\n\t\t\t\t\t<h2 class=\"elementor-heading-title elementor-size-default\">Peyzaj Hizmetleri<\/h2>\t\t\t\t<\/div>\n\t\t\t\t<\/div>\n\t\t\t\t<\/div>\n\t\t<div class=\"elementor-element elementor-element-47be976 e-con-full e-flex e-con e-child\" data-id=\"47be976\" data-element_type=\"container\">\n\t\t\t\t<div class=\"elementor-element elementor-element-683ac9b elementor-widget elementor-widget-image\" data-id=\"683ac9b\" data-element_type=\"widget\" data-widget_type=\"image.default\">\n\t\t\t\t<div class=\"elementor-widget-container\">\n\t\t\t\t\t\t\t\t\t\t\t\t\t\t\t\t<a href=\"http:\/\/www.hanehaninsaat.com\/?page_id=11694\">\n\t\t\t\t\t\t\t<img loading=\"lazy\" decoding=\"async\" width=\"660\" height=\"441\" src=\"https:\/\/www.hanehaninsaat.com\/wp-content\/uploads\/2025\/02\/ic-mimari.jpg\" class=\"attachment-large size-large wp-image-12106\" alt=\"\" srcset=\"https:\/\/www.hanehaninsaat.com\/wp-content\/uploads\/2025\/02\/ic-mimari.jpg 930w, https:\/\/www.hanehaninsaat.com\/wp-content\/uploads\/2025\/02\/ic-mimari-300x201.jpg 300w, https:\/\/www.hanehaninsaat.com\/wp-content\/uploads\/2025\/02\/ic-mimari-768x514.jpg 768w, https:\/\/www.hanehaninsaat.com\/wp-content\/uploads\/2025\/02\/ic-mimari-600x401.jpg 600w\" sizes=\"(max-width: 660px) 100vw, 660px\" \/>\t\t\t\t\t\t\t\t<\/a>\n\t\t\t\t\t\t\t\t\t\t\t\t\t\t\t<\/div>\n\t\t\t\t<\/div>\n\t\t\t\t<div class=\"elementor-element elementor-element-8f51e5f elementor-widget elementor-widget-heading\" data-id=\"8f51e5f\" data-element_type=\"widget\" data-widget_type=\"heading.default\">\n\t\t\t\t<div class=\"elementor-widget-container\">\n\t\t\t\t\t<h2 class=\"elementor-heading-title elementor-size-default\">\u0130\u00e7 Mimari &amp; Dekorasyon Hizmetleri<\/h2>\t\t\t\t<\/div>\n\t\t\t\t<\/div>\n\t\t\t\t<\/div>\n\t\t<div class=\"elementor-element elementor-element-4d5fe99 e-con-full e-flex e-con e-child\" data-id=\"4d5fe99\" data-element_type=\"container\">\n\t\t\t\t<\/div>\n\t\t\t\t\t<\/div>\n\t\t\t\t<\/div>\n\t\t<div class=\"elementor-element elementor-element-2a3644f e-flex e-con-boxed e-con e-parent\" data-id=\"2a3644f\" data-element_type=\"container\">\n\t\t\t\t\t<div class=\"e-con-inner\">\n\t\t\t\t\t<\/div>\n\t\t\t\t<\/div>\n\t\t\t\t<\/div>\n\t\t","protected":false},"excerpt":{"rendered":"<p>Proje Hizmetleri Dan\u0131\u015fmanl\u0131k Hizmeti Konut Yap\u0131 \u0130n\u015faat\u0131 Fabrika Yap\u0131 \u0130n\u015faat\u0131 Ta\u015feronluk Hizmetleri Elektrik &amp; Mekanik Proje Hizmetleri Peyzaj Hizmetleri \u0130\u00e7 Mimari &amp; Dekorasyon Hizmetleri<\/p>\n","protected":false},"author":1,"featured_media":0,"parent":0,"menu_order":0,"comment_status":"closed","ping_status":"closed","template":"elementor_header_footer","meta":{"om_disable_all_campaigns":false,"_monsterinsights_skip_tracking":false,"_monsterinsights_sitenote_active":false,"_monsterinsights_sitenote_note":"","_monsterinsights_sitenote_category":0,"footnotes":""},"class_list":["post-11479","page","type-page","status-publish","hentry"],"aioseo_notices":[],"_links":{"self":[{"href":"https:\/\/www.hanehaninsaat.com\/index.php?rest_route=\/wp\/v2\/pages\/11479","targetHints":{"allow":["GET"]}}],"collection":[{"href":"https:\/\/www.hanehaninsaat.com\/index.php?rest_route=\/wp\/v2\/pages"}],"about":[{"href":"https:\/\/www.hanehaninsaat.com\/index.php?rest_route=\/wp\/v2\/types\/page"}],"author":[{"embeddable":true,"href":"https:\/\/www.hanehaninsaat.com\/index.php?rest_route=\/wp\/v2\/users\/1"}],"replies":[{"embeddable":true,"href":"https:\/\/www.hanehaninsaat.com\/index.php?rest_route=%2Fwp%2Fv2%2Fcomments&post=11479"}],"version-history":[{"count":70,"href":"https:\/\/www.hanehaninsaat.com\/index.php?rest_route=\/wp\/v2\/pages\/11479\/revisions"}],"predecessor-version":[{"id":12255,"href":"https:\/\/www.hanehaninsaat.com\/index.php?rest_route=\/wp\/v2\/pages\/11479\/revisions\/12255"}],"wp:attachment":[{"href":"https:\/\/www.hanehaninsaat.com\/index.php?rest_route=%2Fwp%2Fv2%2Fmedia&parent=11479"}],"curies":[{"name":"wp","href":"https:\/\/api.w.org\/{rel}","templated":true}]}}